{"id":15,"date":"2025-09-02T16:15:11","date_gmt":"2025-09-02T16:15:11","guid":{"rendered":"https:\/\/mesondejuan.rkinformatika.online\/?page_id=15"},"modified":"2025-09-04T14:14:02","modified_gmt":"2025-09-04T14:14:02","slug":"servicios","status":"publish","type":"page","link":"https:\/\/mesondejuan.com\/en\/servicios\/","title":{"rendered":"Services"},"content":{"rendered":"\t\t<div data-elementor-type=\"wp-page\" data-elementor-id=\"15\" class=\"elementor elementor-15\" data-elementor-post-type=\"page\">\n\t\t\t\t<div class=\"elementor-element elementor-element-a1b0214 e-flex e-con-boxed e-con e-parent\" data-id=\"a1b0214\" data-element_type=\"container\" data-e-type=\"container\" data-settings=\"{&quot;background_background&quot;:&quot;slideshow&quot;,&quot;background_slideshow_gallery&quot;:[{&quot;id&quot;:147,&quot;url&quot;:&quot;https:\\\/\\\/mesondejuan.com\\\/wp-content\\\/uploads\\\/2025\\\/09\\\/Captura-desde-2025-09-03-15-40-43.png&quot;},{&quot;id&quot;:148,&quot;url&quot;:&quot;https:\\\/\\\/mesondejuan.com\\\/wp-content\\\/uploads\\\/2025\\\/09\\\/Captura-desde-2025-09-03-15-41-03.png&quot;},{&quot;id&quot;:149,&quot;url&quot;:&quot;https:\\\/\\\/mesondejuan.com\\\/wp-content\\\/uploads\\\/2025\\\/09\\\/Captura-desde-2025-09-03-15-38-37.png&quot;}],&quot;background_slideshow_lazyload&quot;:&quot;yes&quot;,&quot;background_slideshow_ken_burns&quot;:&quot;yes&quot;,&quot;background_slideshow_loop&quot;:&quot;yes&quot;,&quot;background_slideshow_slide_duration&quot;:5000,&quot;background_slideshow_slide_transition&quot;:&quot;fade&quot;,&quot;background_slideshow_transition_duration&quot;:500,&quot;background_slideshow_ken_burns_zoom_direction&quot;:&quot;in&quot;}\">\n\t\t\t\t\t<div class=\"e-con-inner\">\n\t\t<div class=\"elementor-element elementor-element-083627b e-con-full e-flex e-con e-child\" data-id=\"083627b\" data-element_type=\"container\" data-e-type=\"container\">\n\t\t\t\t<div class=\"elementor-element elementor-element-43c451d elementor-widget elementor-widget-heading\" data-id=\"43c451d\" data-element_type=\"widget\" data-e-type=\"widget\" data-widget_type=\"heading.default\">\n\t\t\t\t\t<h2 class=\"elementor-heading-title elementor-size-default\">El aut\u00e9ntico cocido madrile\u00f1o<\/h2>\t\t\t\t<\/div>\n\t\t\t\t<div class=\"elementor-element elementor-element-eb32c52 elementor-widget elementor-widget-heading\" data-id=\"eb32c52\" data-element_type=\"widget\" data-e-type=\"widget\" data-widget_type=\"heading.default\">\n\t\t\t\t\t<h2 class=\"elementor-heading-title elementor-size-default\">D\u00e9jate sorprender<\/h2>\t\t\t\t<\/div>\n\t\t\t\t<\/div>\n\t\t\t\t\t<\/div>\n\t\t\t\t<\/div>\n\t\t<div class=\"elementor-element elementor-element-0c7044a e-flex e-con-boxed e-con e-parent\" data-id=\"0c7044a\" data-element_type=\"container\" data-e-type=\"container\">\n\t\t\t\t\t<div class=\"e-con-inner\">\n\t\t<div class=\"elementor-element elementor-element-85b2b58 e-con-full e-flex e-con e-child\" data-id=\"85b2b58\" data-element_type=\"container\" data-e-type=\"container\">\n\t\t\t\t<div class=\"elementor-element elementor-element-1c1e012 elementor-widget elementor-widget-heading\" data-id=\"1c1e012\" data-element_type=\"widget\" data-e-type=\"widget\" data-widget_type=\"heading.default\">\n\t\t\t\t\t<h2 class=\"elementor-heading-title elementor-size-default\">Cocido Madrile\u00f1o<\/h2>\t\t\t\t<\/div>\n\t\t\t\t<div class=\"elementor-element elementor-element-533b819 elementor-widget elementor-widget-text-editor\" data-id=\"533b819\" data-element_type=\"widget\" data-e-type=\"widget\" data-widget_type=\"text-editor.default\">\n\t\t\t\t\t\t\t\t\t<p>La estrella de la casa. Un plato tradicional que cocinamos a fuego lento, con ingredientes frescos y seleccionados, para mantener intacto el sabor de siempre. Ideal para quienes buscan vivir la esencia de Madrid en cada cucharada.<\/p>\t\t\t\t\t\t\t\t<\/div>\n\t\t\t\t<\/div>\n\t\t<div class=\"elementor-element elementor-element-4892140 e-con-full e-flex e-con e-child\" data-id=\"4892140\" data-element_type=\"container\" data-e-type=\"container\">\n\t\t\t\t<div class=\"elementor-element elementor-element-8b4c472 elementor-widget elementor-widget-image\" data-id=\"8b4c472\" data-element_type=\"widget\" data-e-type=\"widget\" data-widget_type=\"image.default\">\n\t\t\t\t\t\t\t\t\t\t\t\t\t\t\t<img fetchpriority=\"high\" decoding=\"async\" width=\"800\" height=\"534\" src=\"https:\/\/mesondejuan.com\/wp-content\/uploads\/2025\/09\/19398-1024x683.jpg\" class=\"attachment-large size-large wp-image-218\" alt=\"\" srcset=\"https:\/\/mesondejuan.com\/wp-content\/uploads\/2025\/09\/19398-1024x683.jpg 1024w, https:\/\/mesondejuan.com\/wp-content\/uploads\/2025\/09\/19398-300x200.jpg 300w, https:\/\/mesondejuan.com\/wp-content\/uploads\/2025\/09\/19398-768x512.jpg 768w, https:\/\/mesondejuan.com\/wp-content\/uploads\/2025\/09\/19398-18x12.jpg 18w, https:\/\/mesondejuan.com\/wp-content\/uploads\/2025\/09\/19398.jpg 1500w\" sizes=\"(max-width: 800px) 100vw, 800px\" \/>\t\t\t\t\t\t\t\t\t\t\t\t\t\t\t<\/div>\n\t\t\t\t<\/div>\n\t\t<div class=\"elementor-element elementor-element-88e16e9 e-con-full e-flex e-con e-child\" data-id=\"88e16e9\" data-element_type=\"container\" data-e-type=\"container\">\n\t\t\t\t<div class=\"elementor-element elementor-element-2c50965 elementor-widget elementor-widget-image\" data-id=\"2c50965\" data-element_type=\"widget\" data-e-type=\"widget\" data-widget_type=\"image.default\">\n\t\t\t\t\t\t\t\t\t\t\t\t\t\t\t<img decoding=\"async\" width=\"800\" height=\"534\" src=\"https:\/\/mesondejuan.com\/wp-content\/uploads\/2025\/09\/26198-1024x683.jpg\" class=\"attachment-large size-large wp-image-220\" alt=\"\" srcset=\"https:\/\/mesondejuan.com\/wp-content\/uploads\/2025\/09\/26198-1024x683.jpg 1024w, https:\/\/mesondejuan.com\/wp-content\/uploads\/2025\/09\/26198-300x200.jpg 300w, https:\/\/mesondejuan.com\/wp-content\/uploads\/2025\/09\/26198-768x512.jpg 768w, https:\/\/mesondejuan.com\/wp-content\/uploads\/2025\/09\/26198-18x12.jpg 18w, https:\/\/mesondejuan.com\/wp-content\/uploads\/2025\/09\/26198.jpg 1500w\" sizes=\"(max-width: 800px) 100vw, 800px\" \/>\t\t\t\t\t\t\t\t\t\t\t\t\t\t\t<\/div>\n\t\t\t\t<\/div>\n\t\t<div class=\"elementor-element elementor-element-f000fca e-con-full e-flex e-con e-child\" data-id=\"f000fca\" data-element_type=\"container\" data-e-type=\"container\">\n\t\t\t\t<div class=\"elementor-element elementor-element-231a0bf elementor-widget elementor-widget-heading\" data-id=\"231a0bf\" data-element_type=\"widget\" data-e-type=\"widget\" data-widget_type=\"heading.default\">\n\t\t\t\t\t<h2 class=\"elementor-heading-title elementor-size-default\">Estofado Madrile\u00f1o<\/h2>\t\t\t\t<\/div>\n\t\t\t\t<div class=\"elementor-element elementor-element-ddb3b21 elementor-widget elementor-widget-text-editor\" data-id=\"ddb3b21\" data-element_type=\"widget\" data-e-type=\"widget\" data-widget_type=\"text-editor.default\">\n\t\t\t\t\t\t\t\t\t<p data-start=\"732\" data-end=\"931\">Nuestra receta m\u00e1s reconocida y motivo de orgullo. Con un sabor casero y profundo, este estofado refleja los 7 a\u00f1os de experiencia que nos han convertido en referencia gastron\u00f3mica en Alcorc\u00f3n.<\/p>\t\t\t\t\t\t\t\t<\/div>\n\t\t\t\t<\/div>\n\t\t<div class=\"elementor-element elementor-element-3c044a0 e-con-full e-flex e-con e-child\" data-id=\"3c044a0\" data-element_type=\"container\" data-e-type=\"container\">\n\t\t\t\t<div class=\"elementor-element elementor-element-023513c elementor-widget elementor-widget-heading\" data-id=\"023513c\" data-element_type=\"widget\" data-e-type=\"widget\" data-widget_type=\"heading.default\">\n\t\t\t\t\t<h2 class=\"elementor-heading-title elementor-size-default\">Tapas y Raciones<\/h2>\t\t\t\t<\/div>\n\t\t\t\t<div class=\"elementor-element elementor-element-1008f25 elementor-widget elementor-widget-text-editor\" data-id=\"1008f25\" data-element_type=\"widget\" data-e-type=\"widget\" data-widget_type=\"text-editor.default\">\n\t\t\t\t\t\t\t\t\t<p>Perfectas para compartir con amigos y familia. Desde cl\u00e1sicos madrile\u00f1os hasta opciones m\u00e1s actuales, siempre acompa\u00f1adas de buen vino y el ambiente acogedor que nos caracteriza.<\/p>\t\t\t\t\t\t\t\t<\/div>\n\t\t\t\t<\/div>\n\t\t<div class=\"elementor-element elementor-element-890f9df e-con-full e-flex e-con e-child\" data-id=\"890f9df\" data-element_type=\"container\" data-e-type=\"container\">\n\t\t\t\t<div class=\"elementor-element elementor-element-e0833a8 elementor-widget elementor-widget-image\" data-id=\"e0833a8\" data-element_type=\"widget\" data-e-type=\"widget\" data-widget_type=\"image.default\">\n\t\t\t\t\t\t\t\t\t\t\t\t\t\t\t<img decoding=\"async\" width=\"800\" height=\"534\" src=\"https:\/\/mesondejuan.com\/wp-content\/uploads\/2025\/09\/Diseno-sin-titulo-4-1024x683.png\" class=\"attachment-large size-large wp-image-231\" alt=\"\" srcset=\"https:\/\/mesondejuan.com\/wp-content\/uploads\/2025\/09\/Diseno-sin-titulo-4-1024x683.png 1024w, https:\/\/mesondejuan.com\/wp-content\/uploads\/2025\/09\/Diseno-sin-titulo-4-300x200.png 300w, https:\/\/mesondejuan.com\/wp-content\/uploads\/2025\/09\/Diseno-sin-titulo-4-768x512.png 768w, https:\/\/mesondejuan.com\/wp-content\/uploads\/2025\/09\/Diseno-sin-titulo-4-18x12.png 18w, https:\/\/mesondejuan.com\/wp-content\/uploads\/2025\/09\/Diseno-sin-titulo-4.png 1500w\" sizes=\"(max-width: 800px) 100vw, 800px\" \/>\t\t\t\t\t\t\t\t\t\t\t\t\t\t\t<\/div>\n\t\t\t\t<\/div>\n\t\t<div class=\"elementor-element elementor-element-31ea921 e-con-full e-flex e-con e-child\" data-id=\"31ea921\" data-element_type=\"container\" data-e-type=\"container\">\n\t\t\t\t<div class=\"elementor-element elementor-element-799ee0e elementor-widget elementor-widget-image\" data-id=\"799ee0e\" data-element_type=\"widget\" data-e-type=\"widget\" data-widget_type=\"image.default\">\n\t\t\t\t\t\t\t\t\t\t\t\t\t\t\t<img loading=\"lazy\" decoding=\"async\" width=\"800\" height=\"534\" src=\"https:\/\/mesondejuan.com\/wp-content\/uploads\/2025\/09\/Diseno-sin-titulo-3-1024x683.png\" class=\"attachment-large size-large wp-image-229\" alt=\"\" srcset=\"https:\/\/mesondejuan.com\/wp-content\/uploads\/2025\/09\/Diseno-sin-titulo-3-1024x683.png 1024w, https:\/\/mesondejuan.com\/wp-content\/uploads\/2025\/09\/Diseno-sin-titulo-3-300x200.png 300w, https:\/\/mesondejuan.com\/wp-content\/uploads\/2025\/09\/Diseno-sin-titulo-3-768x512.png 768w, https:\/\/mesondejuan.com\/wp-content\/uploads\/2025\/09\/Diseno-sin-titulo-3-18x12.png 18w, https:\/\/mesondejuan.com\/wp-content\/uploads\/2025\/09\/Diseno-sin-titulo-3.png 1500w\" sizes=\"(max-width: 800px) 100vw, 800px\" \/>\t\t\t\t\t\t\t\t\t\t\t\t\t\t\t<\/div>\n\t\t\t\t<\/div>\n\t\t<div class=\"elementor-element elementor-element-153d3b7 e-con-full e-flex e-con e-child\" data-id=\"153d3b7\" data-element_type=\"container\" data-e-type=\"container\">\n\t\t\t\t<div class=\"elementor-element elementor-element-ac0d08b elementor-widget elementor-widget-heading\" data-id=\"ac0d08b\" data-element_type=\"widget\" data-e-type=\"widget\" data-widget_type=\"heading.default\">\n\t\t\t\t\t<h2 class=\"elementor-heading-title elementor-size-default\">Men\u00fas de Comidas y Cenas<\/h2>\t\t\t\t<\/div>\n\t\t\t\t<div class=\"elementor-element elementor-element-e3a830b elementor-widget elementor-widget-text-editor\" data-id=\"e3a830b\" data-element_type=\"widget\" data-e-type=\"widget\" data-widget_type=\"text-editor.default\">\n\t\t\t\t\t\t\t\t\t<p>Disponemos de men\u00fas variados para todos los gustos, pensados tanto para el d\u00eda a d\u00eda como para ocasiones especiales. Una forma sencilla y deliciosa de disfrutar de nuestra cocina sin complicaciones.<\/p>\t\t\t\t\t\t\t\t<\/div>\n\t\t\t\t<\/div>\n\t\t<div class=\"elementor-element elementor-element-86fedce e-con-full e-flex e-con e-child\" data-id=\"86fedce\" data-element_type=\"container\" data-e-type=\"container\">\n\t\t\t\t<div class=\"elementor-element elementor-element-445d339 elementor-widget elementor-widget-heading\" data-id=\"445d339\" data-element_type=\"widget\" data-e-type=\"widget\" data-widget_type=\"heading.default\">\n\t\t\t\t\t<h2 class=\"elementor-heading-title elementor-size-default\">Opciones Veganas y Sin Gluten\n<\/h2>\t\t\t\t<\/div>\n\t\t\t\t<div class=\"elementor-element elementor-element-ef33d25 elementor-widget elementor-widget-text-editor\" data-id=\"ef33d25\" data-element_type=\"widget\" data-e-type=\"widget\" data-widget_type=\"text-editor.default\">\n\t\t\t\t\t\t\t\t\t<p>Disponemos de men\u00fas variados para todos los gustos, pensados tanto para el d\u00eda a d\u00eda como para ocasiones especiales. Una forma sencilla y deliciosa de disfrutar de nuestra cocina sin complicaciones.<\/p>\t\t\t\t\t\t\t\t<\/div>\n\t\t\t\t<\/div>\n\t\t<div class=\"elementor-element elementor-element-d386c67 e-con-full e-flex e-con e-child\" data-id=\"d386c67\" data-element_type=\"container\" data-e-type=\"container\">\n\t\t\t\t<div class=\"elementor-element elementor-element-d8eb686 elementor-widget elementor-widget-image\" data-id=\"d8eb686\" data-element_type=\"widget\" data-e-type=\"widget\" data-widget_type=\"image.default\">\n\t\t\t\t\t\t\t\t\t\t\t\t\t\t\t<img loading=\"lazy\" decoding=\"async\" width=\"800\" height=\"534\" src=\"https:\/\/mesondejuan.com\/wp-content\/uploads\/2025\/09\/flat-lay-salad-with-white-beans-bread-1024x683.jpg\" class=\"attachment-large size-large wp-image-254\" alt=\"\" srcset=\"https:\/\/mesondejuan.com\/wp-content\/uploads\/2025\/09\/flat-lay-salad-with-white-beans-bread-1024x683.jpg 1024w, https:\/\/mesondejuan.com\/wp-content\/uploads\/2025\/09\/flat-lay-salad-with-white-beans-bread-300x200.jpg 300w, https:\/\/mesondejuan.com\/wp-content\/uploads\/2025\/09\/flat-lay-salad-with-white-beans-bread-768x512.jpg 768w, https:\/\/mesondejuan.com\/wp-content\/uploads\/2025\/09\/flat-lay-salad-with-white-beans-bread-1536x1024.jpg 1536w, https:\/\/mesondejuan.com\/wp-content\/uploads\/2025\/09\/flat-lay-salad-with-white-beans-bread-2048x1365.jpg 2048w, https:\/\/mesondejuan.com\/wp-content\/uploads\/2025\/09\/flat-lay-salad-with-white-beans-bread-18x12.jpg 18w\" sizes=\"(max-width: 800px) 100vw, 800px\" \/>\t\t\t\t\t\t\t\t\t\t\t\t\t\t\t<\/div>\n\t\t\t\t<\/div>\n\t\t\t\t\t<\/div>\n\t\t\t\t<\/div>\n\t\t\t\t<section class=\"elementor-section elementor-top-section elementor-element elementor-element-6dc40b5 elementor-section-boxed elementor-section-height-default elementor-section-height-default\" data-id=\"6dc40b5\" data-element_type=\"section\" data-e-type=\"section\" data-settings=\"{&quot;background_background&quot;:&quot;classic&quot;}\">\n\t\t\t\t\t\t\t<div class=\"elementor-background-overlay\"><\/div>\n\t\t\t\t\t\t\t<div class=\"elementor-container elementor-column-gap-default\">\n\t\t\t\t\t<div class=\"elementor-column elementor-col-100 elementor-top-column elementor-element elementor-element-d879d35\" data-id=\"d879d35\" data-element_type=\"column\" data-e-type=\"column\">\n\t\t\t<div class=\"elementor-widget-wrap elementor-element-populated\">\n\t\t\t\t\t\t<div class=\"elementor-element elementor-element-68b021b elementor-widget elementor-widget-heading\" data-id=\"68b021b\" data-element_type=\"widget\" data-e-type=\"widget\" data-widget_type=\"heading.default\">\n\t\t\t\t\t<h2 class=\"elementor-heading-title elementor-size-default\">Reserva y asegura tu lugar para una comida inolvidable.<\/h2>\t\t\t\t<\/div>\n\t\t\t\t<div class=\"elementor-element elementor-element-9947185 elementor-widget elementor-widget-text-editor\" data-id=\"9947185\" data-element_type=\"widget\" data-e-type=\"widget\" data-widget_type=\"text-editor.default\">\n\t\t\t\t\t\t\t\t\t<p data-start=\"492\" data-end=\"603\">Estamos aqu\u00ed para ti, tanto en comidas como en cenas.<\/p>\t\t\t\t\t\t\t\t<\/div>\n\t\t\t\t<div class=\"elementor-element elementor-element-bc7bbe9 elementor-align-center elementor-widget elementor-widget-button\" data-id=\"bc7bbe9\" data-element_type=\"widget\" data-e-type=\"widget\" data-widget_type=\"button.default\">\n\t\t\t\t\t\t\t\t\t\t<a class=\"elementor-button elementor-button-link elementor-size-sm elementor-animation-hang\" href=\"https:\/\/mesondejuan.com\/contacto\/\">\n\t\t\t\t\t\t<span class=\"elementor-button-content-wrapper\">\n\t\t\t\t\t\t\t\t\t<span class=\"elementor-button-text\">Contactanos<\/span>\n\t\t\t\t\t<\/span>\n\t\t\t\t\t<\/a>\n\t\t\t\t\t\t\t\t<\/div>\n\t\t\t\t\t<\/div>\n\t\t<\/div>\n\t\t\t\t\t<\/div>\n\t\t<\/section>\n\t\t\t\t<\/div>\n\t\t","protected":false},"excerpt":{"rendered":"<p>El aut\u00e9ntico cocido madrile\u00f1o D\u00e9jate sorprender Cocido Madrile\u00f1o La estrella de la casa. Un plato tradicional que cocinamos a fuego lento, con ingredientes frescos y seleccionados, para mantener intacto el sabor de siempre. Ideal para quienes buscan vivir la esencia de Madrid en cada cucharada. Estofado Madrile\u00f1o Nuestra receta m\u00e1s reconocida y motivo de orgullo. [&hellip;]<\/p>\n","protected":false},"author":1,"featured_media":0,"parent":0,"menu_order":0,"comment_status":"closed","ping_status":"closed","template":"elementor_canvas","meta":{"footnotes":""},"class_list":["post-15","page","type-page","status-publish","hentry"],"yoast_head":"<!-- This site is optimized with the Yoast SEO plugin v27.3 - https:\/\/yoast.com\/product\/yoast-seo-wordpress\/ -->\n<title>Servicios - Mes\u00f3n D`Juan<\/title>\n<meta name=\"robots\" content=\"index, follow, max-snippet:-1, max-image-preview:large, max-video-preview:-1\" \/>\n<link rel=\"canonical\" href=\"https:\/\/mesondejuan.com\/en\/servicios\/\" \/>\n<meta property=\"og:locale\" content=\"en_GB\" \/>\n<meta property=\"og:type\" content=\"article\" \/>\n<meta property=\"og:title\" content=\"Servicios - Mes\u00f3n D`Juan\" \/>\n<meta property=\"og:description\" content=\"El aut\u00e9ntico cocido madrile\u00f1o D\u00e9jate sorprender Cocido Madrile\u00f1o La estrella de la casa. Un plato tradicional que cocinamos a fuego lento, con ingredientes frescos y seleccionados, para mantener intacto el sabor de siempre. Ideal para quienes buscan vivir la esencia de Madrid en cada cucharada. Estofado Madrile\u00f1o Nuestra receta m\u00e1s reconocida y motivo de orgullo. [&hellip;]\" \/>\n<meta property=\"og:url\" content=\"https:\/\/mesondejuan.com\/en\/servicios\/\" \/>\n<meta property=\"og:site_name\" content=\"Mes\u00f3n D`Juan\" \/>\n<meta property=\"article:modified_time\" content=\"2025-09-04T14:14:02+00:00\" \/>\n<meta property=\"og:image\" content=\"https:\/\/mesondejuan.com\/wp-content\/uploads\/2025\/09\/19398-1024x683.jpg\" \/>\n<meta name=\"twitter:card\" content=\"summary_large_image\" \/>\n<meta name=\"twitter:label1\" content=\"Estimated reading time\" \/>\n\t<meta name=\"twitter:data1\" content=\"1 minute\" \/>\n<script type=\"application\/ld+json\" class=\"yoast-schema-graph\">{\"@context\":\"https:\\\/\\\/schema.org\",\"@graph\":[{\"@type\":\"WebPage\",\"@id\":\"https:\\\/\\\/mesondejuan.com\\\/servicios\\\/\",\"url\":\"https:\\\/\\\/mesondejuan.com\\\/servicios\\\/\",\"name\":\"Servicios - Mes\u00f3n D`Juan\",\"isPartOf\":{\"@id\":\"https:\\\/\\\/mesondejuan.com\\\/#website\"},\"primaryImageOfPage\":{\"@id\":\"https:\\\/\\\/mesondejuan.com\\\/servicios\\\/#primaryimage\"},\"image\":{\"@id\":\"https:\\\/\\\/mesondejuan.com\\\/servicios\\\/#primaryimage\"},\"thumbnailUrl\":\"https:\\\/\\\/mesondejuan.com\\\/wp-content\\\/uploads\\\/2025\\\/09\\\/19398-1024x683.jpg\",\"datePublished\":\"2025-09-02T16:15:11+00:00\",\"dateModified\":\"2025-09-04T14:14:02+00:00\",\"breadcrumb\":{\"@id\":\"https:\\\/\\\/mesondejuan.com\\\/servicios\\\/#breadcrumb\"},\"inLanguage\":\"en-GB\",\"potentialAction\":[{\"@type\":\"ReadAction\",\"target\":[\"https:\\\/\\\/mesondejuan.com\\\/servicios\\\/\"]}]},{\"@type\":\"ImageObject\",\"inLanguage\":\"en-GB\",\"@id\":\"https:\\\/\\\/mesondejuan.com\\\/servicios\\\/#primaryimage\",\"url\":\"https:\\\/\\\/mesondejuan.com\\\/wp-content\\\/uploads\\\/2025\\\/09\\\/19398-1024x683.jpg\",\"contentUrl\":\"https:\\\/\\\/mesondejuan.com\\\/wp-content\\\/uploads\\\/2025\\\/09\\\/19398-1024x683.jpg\"},{\"@type\":\"BreadcrumbList\",\"@id\":\"https:\\\/\\\/mesondejuan.com\\\/servicios\\\/#breadcrumb\",\"itemListElement\":[{\"@type\":\"ListItem\",\"position\":1,\"name\":\"Portada\",\"item\":\"https:\\\/\\\/mesondejuan.com\\\/\"},{\"@type\":\"ListItem\",\"position\":2,\"name\":\"Servicios\"}]},{\"@type\":\"WebSite\",\"@id\":\"https:\\\/\\\/mesondejuan.com\\\/#website\",\"url\":\"https:\\\/\\\/mesondejuan.com\\\/\",\"name\":\"Mes\u00f3n D`Juan\",\"description\":\"Comidas y Cenas\",\"publisher\":{\"@id\":\"https:\\\/\\\/mesondejuan.com\\\/#organization\"},\"potentialAction\":[{\"@type\":\"SearchAction\",\"target\":{\"@type\":\"EntryPoint\",\"urlTemplate\":\"https:\\\/\\\/mesondejuan.com\\\/?s={search_term_string}\"},\"query-input\":{\"@type\":\"PropertyValueSpecification\",\"valueRequired\":true,\"valueName\":\"search_term_string\"}}],\"inLanguage\":\"en-GB\"},{\"@type\":\"Organization\",\"@id\":\"https:\\\/\\\/mesondejuan.com\\\/#organization\",\"name\":\"Mes\u00f3n D`Juan\",\"url\":\"https:\\\/\\\/mesondejuan.com\\\/\",\"logo\":{\"@type\":\"ImageObject\",\"inLanguage\":\"en-GB\",\"@id\":\"https:\\\/\\\/mesondejuan.com\\\/#\\\/schema\\\/logo\\\/image\\\/\",\"url\":\"https:\\\/\\\/mesondejuan.com\\\/wp-content\\\/uploads\\\/2025\\\/09\\\/cropped-Texto.png\",\"contentUrl\":\"https:\\\/\\\/mesondejuan.com\\\/wp-content\\\/uploads\\\/2025\\\/09\\\/cropped-Texto.png\",\"width\":866,\"height\":412,\"caption\":\"Mes\u00f3n D`Juan\"},\"image\":{\"@id\":\"https:\\\/\\\/mesondejuan.com\\\/#\\\/schema\\\/logo\\\/image\\\/\"}}]}<\/script>\n<!-- \/ Yoast SEO plugin. -->","yoast_head_json":{"title":"Servicios - Mes\u00f3n D`Juan","robots":{"index":"index","follow":"follow","max-snippet":"max-snippet:-1","max-image-preview":"max-image-preview:large","max-video-preview":"max-video-preview:-1"},"canonical":"https:\/\/mesondejuan.com\/en\/servicios\/","og_locale":"en_GB","og_type":"article","og_title":"Servicios - Mes\u00f3n D`Juan","og_description":"El aut\u00e9ntico cocido madrile\u00f1o D\u00e9jate sorprender Cocido Madrile\u00f1o La estrella de la casa. Un plato tradicional que cocinamos a fuego lento, con ingredientes frescos y seleccionados, para mantener intacto el sabor de siempre. Ideal para quienes buscan vivir la esencia de Madrid en cada cucharada. Estofado Madrile\u00f1o Nuestra receta m\u00e1s reconocida y motivo de orgullo. [&hellip;]","og_url":"https:\/\/mesondejuan.com\/en\/servicios\/","og_site_name":"Mes\u00f3n D`Juan","article_modified_time":"2025-09-04T14:14:02+00:00","og_image":[{"url":"https:\/\/mesondejuan.com\/wp-content\/uploads\/2025\/09\/19398-1024x683.jpg","type":"","width":"","height":""}],"twitter_card":"summary_large_image","twitter_misc":{"Estimated reading time":"1 minute"},"schema":{"@context":"https:\/\/schema.org","@graph":[{"@type":"WebPage","@id":"https:\/\/mesondejuan.com\/servicios\/","url":"https:\/\/mesondejuan.com\/servicios\/","name":"Servicios - Mes\u00f3n D`Juan","isPartOf":{"@id":"https:\/\/mesondejuan.com\/#website"},"primaryImageOfPage":{"@id":"https:\/\/mesondejuan.com\/servicios\/#primaryimage"},"image":{"@id":"https:\/\/mesondejuan.com\/servicios\/#primaryimage"},"thumbnailUrl":"https:\/\/mesondejuan.com\/wp-content\/uploads\/2025\/09\/19398-1024x683.jpg","datePublished":"2025-09-02T16:15:11+00:00","dateModified":"2025-09-04T14:14:02+00:00","breadcrumb":{"@id":"https:\/\/mesondejuan.com\/servicios\/#breadcrumb"},"inLanguage":"en-GB","potentialAction":[{"@type":"ReadAction","target":["https:\/\/mesondejuan.com\/servicios\/"]}]},{"@type":"ImageObject","inLanguage":"en-GB","@id":"https:\/\/mesondejuan.com\/servicios\/#primaryimage","url":"https:\/\/mesondejuan.com\/wp-content\/uploads\/2025\/09\/19398-1024x683.jpg","contentUrl":"https:\/\/mesondejuan.com\/wp-content\/uploads\/2025\/09\/19398-1024x683.jpg"},{"@type":"BreadcrumbList","@id":"https:\/\/mesondejuan.com\/servicios\/#breadcrumb","itemListElement":[{"@type":"ListItem","position":1,"name":"Portada","item":"https:\/\/mesondejuan.com\/"},{"@type":"ListItem","position":2,"name":"Servicios"}]},{"@type":"WebSite","@id":"https:\/\/mesondejuan.com\/#website","url":"https:\/\/mesondejuan.com\/","name":"Mes\u00f3n D`Juan","description":"Comidas y Cenas","publisher":{"@id":"https:\/\/mesondejuan.com\/#organization"},"potentialAction":[{"@type":"SearchAction","target":{"@type":"EntryPoint","urlTemplate":"https:\/\/mesondejuan.com\/?s={search_term_string}"},"query-input":{"@type":"PropertyValueSpecification","valueRequired":true,"valueName":"search_term_string"}}],"inLanguage":"en-GB"},{"@type":"Organization","@id":"https:\/\/mesondejuan.com\/#organization","name":"Mes\u00f3n D`Juan","url":"https:\/\/mesondejuan.com\/","logo":{"@type":"ImageObject","inLanguage":"en-GB","@id":"https:\/\/mesondejuan.com\/#\/schema\/logo\/image\/","url":"https:\/\/mesondejuan.com\/wp-content\/uploads\/2025\/09\/cropped-Texto.png","contentUrl":"https:\/\/mesondejuan.com\/wp-content\/uploads\/2025\/09\/cropped-Texto.png","width":866,"height":412,"caption":"Mes\u00f3n D`Juan"},"image":{"@id":"https:\/\/mesondejuan.com\/#\/schema\/logo\/image\/"}}]}},"_links":{"self":[{"href":"https:\/\/mesondejuan.com\/en\/wp-json\/wp\/v2\/pages\/15","targetHints":{"allow":["GET"]}}],"collection":[{"href":"https:\/\/mesondejuan.com\/en\/wp-json\/wp\/v2\/pages"}],"about":[{"href":"https:\/\/mesondejuan.com\/en\/wp-json\/wp\/v2\/types\/page"}],"author":[{"embeddable":true,"href":"https:\/\/mesondejuan.com\/en\/wp-json\/wp\/v2\/users\/1"}],"replies":[{"embeddable":true,"href":"https:\/\/mesondejuan.com\/en\/wp-json\/wp\/v2\/comments?post=15"}],"version-history":[{"count":53,"href":"https:\/\/mesondejuan.com\/en\/wp-json\/wp\/v2\/pages\/15\/revisions"}],"predecessor-version":[{"id":257,"href":"https:\/\/mesondejuan.com\/en\/wp-json\/wp\/v2\/pages\/15\/revisions\/257"}],"wp:attachment":[{"href":"https:\/\/mesondejuan.com\/en\/wp-json\/wp\/v2\/media?parent=15"}],"curies":[{"name":"wp","href":"https:\/\/api.w.org\/{rel}","templated":true}]}}