{"id":12,"date":"2025-09-02T16:14:28","date_gmt":"2025-09-02T16:14:28","guid":{"rendered":"https:\/\/mesondejuan.rkinformatika.online\/?page_id=12"},"modified":"2025-09-03T15:35:00","modified_gmt":"2025-09-03T15:35:00","slug":"inicio","status":"publish","type":"page","link":"https:\/\/mesondejuan.com\/en\/","title":{"rendered":"Home"},"content":{"rendered":"\t\t<div data-elementor-type=\"wp-page\" data-elementor-id=\"12\" class=\"elementor elementor-12\" data-elementor-post-type=\"page\">\n\t\t\t\t<div class=\"elementor-element elementor-element-1a0be1b e-flex e-con-boxed e-con e-parent\" data-id=\"1a0be1b\" data-element_type=\"container\" data-e-type=\"container\" data-settings=\"{&quot;background_background&quot;:&quot;slideshow&quot;,&quot;background_slideshow_gallery&quot;:[{&quot;id&quot;:147,&quot;url&quot;:&quot;https:\\\/\\\/mesondejuan.com\\\/wp-content\\\/uploads\\\/2025\\\/09\\\/Captura-desde-2025-09-03-15-40-43.png&quot;},{&quot;id&quot;:148,&quot;url&quot;:&quot;https:\\\/\\\/mesondejuan.com\\\/wp-content\\\/uploads\\\/2025\\\/09\\\/Captura-desde-2025-09-03-15-41-03.png&quot;},{&quot;id&quot;:149,&quot;url&quot;:&quot;https:\\\/\\\/mesondejuan.com\\\/wp-content\\\/uploads\\\/2025\\\/09\\\/Captura-desde-2025-09-03-15-38-37.png&quot;}],&quot;background_slideshow_lazyload&quot;:&quot;yes&quot;,&quot;background_slideshow_ken_burns&quot;:&quot;yes&quot;,&quot;background_slideshow_loop&quot;:&quot;yes&quot;,&quot;background_slideshow_slide_duration&quot;:5000,&quot;background_slideshow_slide_transition&quot;:&quot;fade&quot;,&quot;background_slideshow_transition_duration&quot;:500,&quot;background_slideshow_ken_burns_zoom_direction&quot;:&quot;in&quot;}\">\n\t\t\t\t\t<div class=\"e-con-inner\">\n\t\t<div class=\"elementor-element elementor-element-c247663 e-con-full e-flex e-con e-child\" data-id=\"c247663\" data-element_type=\"container\" data-e-type=\"container\">\n\t\t\t\t<div class=\"elementor-element elementor-element-247d31f elementor-widget elementor-widget-heading\" data-id=\"247d31f\" data-element_type=\"widget\" data-e-type=\"widget\" data-widget_type=\"heading.default\">\n\t\t\t\t\t<h2 class=\"elementor-heading-title elementor-size-default\">Bienvenidos A<\/h2>\t\t\t\t<\/div>\n\t\t\t\t<div class=\"elementor-element elementor-element-c2d06c4 elementor-widget elementor-widget-heading\" data-id=\"c2d06c4\" data-element_type=\"widget\" data-e-type=\"widget\" data-widget_type=\"heading.default\">\n\t\t\t\t\t<h2 class=\"elementor-heading-title elementor-size-default\">Mes\u00f3n D'Juan<\/h2>\t\t\t\t<\/div>\n\t\t\t\t<div class=\"elementor-element elementor-element-c298c44 elementor-widget elementor-widget-heading\" data-id=\"c298c44\" data-element_type=\"widget\" data-e-type=\"widget\" data-widget_type=\"heading.default\">\n\t\t\t\t\t<h2 class=\"elementor-heading-title elementor-size-default\">7 a\u00f1os de experiencia<\/h2>\t\t\t\t<\/div>\n\t\t\t\t<\/div>\n\t\t\t\t\t<\/div>\n\t\t\t\t<\/div>\n\t\t\t\t<section class=\"elementor-section elementor-top-section elementor-element elementor-element-10011ac elementor-section-boxed elementor-section-height-default elementor-section-height-default\" data-id=\"10011ac\" data-element_type=\"section\" data-e-type=\"section\">\n\t\t\t\t\t\t<div class=\"elementor-container elementor-column-gap-default\">\n\t\t\t\t\t<div class=\"elementor-column elementor-col-100 elementor-top-column elementor-element elementor-element-0a97f2c\" data-id=\"0a97f2c\" data-element_type=\"column\" data-e-type=\"column\">\n\t\t\t<div class=\"elementor-widget-wrap elementor-element-populated\">\n\t\t\t\t\t\t<section class=\"elementor-section elementor-inner-section elementor-element elementor-element-a7866d7 elementor-section-boxed elementor-section-height-default elementor-section-height-default\" data-id=\"a7866d7\" data-element_type=\"section\" data-e-type=\"section\">\n\t\t\t\t\t\t<div class=\"elementor-container elementor-column-gap-no\">\n\t\t\t\t\t<div class=\"elementor-column elementor-col-50 elementor-inner-column elementor-element elementor-element-b121363\" data-id=\"b121363\" data-element_type=\"column\" data-e-type=\"column\">\n\t\t\t<div class=\"elementor-widget-wrap elementor-element-populated\">\n\t\t\t\t\t\t<div class=\"elementor-element elementor-element-53ae8e8 elementor-widget elementor-widget-heading\" data-id=\"53ae8e8\" data-element_type=\"widget\" data-e-type=\"widget\" data-widget_type=\"heading.default\">\n\t\t\t\t\t<h2 class=\"elementor-heading-title elementor-size-default\">Sobre Nosotros <\/h2>\t\t\t\t<\/div>\n\t\t\t\t<div class=\"elementor-element elementor-element-1b4cc1f elementor-widget elementor-widget-heading\" data-id=\"1b4cc1f\" data-element_type=\"widget\" data-e-type=\"widget\" data-widget_type=\"heading.default\">\n\t\t\t\t\t<h2 class=\"elementor-heading-title elementor-size-default\">Comidas y cenas caseras<\/h2>\t\t\t\t<\/div>\n\t\t\t\t<div class=\"elementor-element elementor-element-4c24e60 elementor-widget elementor-widget-button\" data-id=\"4c24e60\" data-element_type=\"widget\" data-e-type=\"widget\" data-widget_type=\"button.default\">\n\t\t\t\t\t\t\t\t\t\t<a class=\"elementor-button elementor-button-link elementor-size-sm elementor-animation-hang\" href=\"https:\/\/mesondejuan.com\/servicios\/\">\n\t\t\t\t\t\t<span class=\"elementor-button-content-wrapper\">\n\t\t\t\t\t\t\t\t\t<span class=\"elementor-button-text\">Saber M\u00e1s<\/span>\n\t\t\t\t\t<\/span>\n\t\t\t\t\t<\/a>\n\t\t\t\t\t\t\t\t<\/div>\n\t\t\t\t\t<\/div>\n\t\t<\/div>\n\t\t\t\t<div class=\"elementor-column elementor-col-50 elementor-inner-column elementor-element elementor-element-3373c2c\" data-id=\"3373c2c\" data-element_type=\"column\" data-e-type=\"column\">\n\t\t\t<div class=\"elementor-widget-wrap elementor-element-populated\">\n\t\t\t\t\t\t<div class=\"elementor-element elementor-element-f4bff91 elementor-widget elementor-widget-text-editor\" data-id=\"f4bff91\" data-element_type=\"widget\" data-e-type=\"widget\" data-widget_type=\"text-editor.default\">\n\t\t\t\t\t\t\t\t\t<div class=\"flex max-w-full flex-col flex-grow\"><div class=\"min-h-8 text-message flex w-full flex-col items-end gap-2 whitespace-normal break-words [.text-message+&amp;]:mt-5\" dir=\"auto\" data-message-author-role=\"assistant\" data-message-id=\"def7cac0-2707-4442-b93b-c94e77fa0a36\" data-message-model-slug=\"gpt-4o\"><div class=\"flex w-full flex-col gap-1 empty:hidden first:pt-[3px]\"><div class=\"markdown prose w-full break-words dark:prose-invert dark\"><p data-start=\"109\" data-end=\"426\">En Mes\u00f3n D\u2019Juan llevamos m\u00e1s de 7 a\u00f1os ofreciendo lo mejor de la gastronom\u00eda tradicional madrile\u00f1a en el coraz\u00f3n de Alcorc\u00f3n, Madrid. Nuestro equipo trabaja cada d\u00eda con pasi\u00f3n para que disfrutes de una experiencia acogedora, combinando el sabor casero de siempre con un servicio cercano y de confianza.<\/p><p data-start=\"428\" data-end=\"598\">Somos conocidos por nuestra especialidad: el cocido madrile\u00f1o y nuestros estofados, aut\u00e9nticas recetas que conservan el sabor y la tradici\u00f3n de la cocina de anta\u00f1o.<\/p><p data-start=\"600\" data-end=\"801\">Adem\u00e1s, pensamos en todos nuestros clientes: contamos con opciones veganas y platos sin gluten, para que todos puedan disfrutar de nuestras comidas y cenas en un ambiente familiar y acogedor.<\/p><\/div><\/div><\/div><\/div>\t\t\t\t\t\t\t\t<\/div>\n\t\t\t\t\t<\/div>\n\t\t<\/div>\n\t\t\t\t\t<\/div>\n\t\t<\/section>\n\t\t\t\t<section class=\"elementor-section elementor-inner-section elementor-element elementor-element-ba73caf elementor-section-boxed elementor-section-height-default elementor-section-height-default\" data-id=\"ba73caf\" data-element_type=\"section\" data-e-type=\"section\">\n\t\t\t\t\t\t<div class=\"elementor-container elementor-column-gap-no\">\n\t\t\t\t\t<div class=\"elementor-column elementor-col-50 elementor-inner-column elementor-element elementor-element-733fb47\" data-id=\"733fb47\" data-element_type=\"column\" data-e-type=\"column\">\n\t\t\t<div class=\"elementor-widget-wrap elementor-element-populated\">\n\t\t\t\t\t\t<div class=\"elementor-element elementor-element-c8af500 elementor-widget__width-initial elementor-widget elementor-widget-image\" data-id=\"c8af500\" data-element_type=\"widget\" data-e-type=\"widget\" data-widget_type=\"image.default\">\n\t\t\t\t\t\t\t\t\t\t\t\t\t\t\t<img fetchpriority=\"high\" decoding=\"async\" width=\"677\" height=\"810\" src=\"https:\/\/mesondejuan.com\/wp-content\/uploads\/2025\/09\/Captura-desde-2025-09-03-15-38-18.png\" class=\"attachment-full size-full wp-image-153\" alt=\"\" srcset=\"https:\/\/mesondejuan.com\/wp-content\/uploads\/2025\/09\/Captura-desde-2025-09-03-15-38-18.png 677w, https:\/\/mesondejuan.com\/wp-content\/uploads\/2025\/09\/Captura-desde-2025-09-03-15-38-18-251x300.png 251w, https:\/\/mesondejuan.com\/wp-content\/uploads\/2025\/09\/Captura-desde-2025-09-03-15-38-18-10x12.png 10w\" sizes=\"(max-width: 677px) 100vw, 677px\" \/>\t\t\t\t\t\t\t\t\t\t\t\t\t\t\t<\/div>\n\t\t\t\t<div class=\"elementor-element elementor-element-437e19f elementor-widget__width-initial elementor-widget elementor-widget-image\" data-id=\"437e19f\" data-element_type=\"widget\" data-e-type=\"widget\" data-widget_type=\"image.default\">\n\t\t\t\t\t\t\t\t\t\t\t\t\t\t\t<img decoding=\"async\" width=\"800\" height=\"586\" src=\"https:\/\/mesondejuan.com\/wp-content\/uploads\/2025\/09\/Captura-desde-2025-09-03-15-37-26-1024x750.png\" class=\"attachment-large size-large wp-image-154\" alt=\"\" srcset=\"https:\/\/mesondejuan.com\/wp-content\/uploads\/2025\/09\/Captura-desde-2025-09-03-15-37-26-1024x750.png 1024w, https:\/\/mesondejuan.com\/wp-content\/uploads\/2025\/09\/Captura-desde-2025-09-03-15-37-26-300x220.png 300w, https:\/\/mesondejuan.com\/wp-content\/uploads\/2025\/09\/Captura-desde-2025-09-03-15-37-26-768x563.png 768w, https:\/\/mesondejuan.com\/wp-content\/uploads\/2025\/09\/Captura-desde-2025-09-03-15-37-26-16x12.png 16w, https:\/\/mesondejuan.com\/wp-content\/uploads\/2025\/09\/Captura-desde-2025-09-03-15-37-26.png 1314w\" sizes=\"(max-width: 800px) 100vw, 800px\" \/>\t\t\t\t\t\t\t\t\t\t\t\t\t\t\t<\/div>\n\t\t\t\t\t<\/div>\n\t\t<\/div>\n\t\t\t\t<div class=\"elementor-column elementor-col-50 elementor-inner-column elementor-element elementor-element-184c9f9\" data-id=\"184c9f9\" data-element_type=\"column\" data-e-type=\"column\">\n\t\t\t<div class=\"elementor-widget-wrap elementor-element-populated\">\n\t\t\t\t\t\t<div class=\"elementor-element elementor-element-eef6a71 elementor-widget elementor-widget-image\" data-id=\"eef6a71\" data-element_type=\"widget\" data-e-type=\"widget\" data-widget_type=\"image.default\">\n\t\t\t\t\t\t\t\t\t\t\t\t\t\t\t<img decoding=\"async\" width=\"1003\" height=\"729\" src=\"https:\/\/mesondejuan.com\/wp-content\/uploads\/2025\/09\/Captura-desde-2025-09-03-15-40-43.png\" class=\"attachment-full size-full wp-image-147\" alt=\"\" srcset=\"https:\/\/mesondejuan.com\/wp-content\/uploads\/2025\/09\/Captura-desde-2025-09-03-15-40-43.png 1003w, https:\/\/mesondejuan.com\/wp-content\/uploads\/2025\/09\/Captura-desde-2025-09-03-15-40-43-300x218.png 300w, https:\/\/mesondejuan.com\/wp-content\/uploads\/2025\/09\/Captura-desde-2025-09-03-15-40-43-768x558.png 768w, https:\/\/mesondejuan.com\/wp-content\/uploads\/2025\/09\/Captura-desde-2025-09-03-15-40-43-18x12.png 18w\" sizes=\"(max-width: 1003px) 100vw, 1003px\" \/>\t\t\t\t\t\t\t\t\t\t\t\t\t\t\t<\/div>\n\t\t\t\t\t<\/div>\n\t\t<\/div>\n\t\t\t\t\t<\/div>\n\t\t<\/section>\n\t\t\t\t\t<\/div>\n\t\t<\/div>\n\t\t\t\t\t<\/div>\n\t\t<\/section>\n\t\t\t\t<section class=\"elementor-section elementor-top-section elementor-element elementor-element-fe7e45d elementor-section-boxed elementor-section-height-default elementor-section-height-default\" data-id=\"fe7e45d\" data-element_type=\"section\" data-e-type=\"section\" data-settings=\"{&quot;background_background&quot;:&quot;classic&quot;}\">\n\t\t\t\t\t\t\t<div class=\"elementor-background-overlay\"><\/div>\n\t\t\t\t\t\t\t<div class=\"elementor-container elementor-column-gap-default\">\n\t\t\t\t\t<div class=\"elementor-column elementor-col-100 elementor-top-column elementor-element elementor-element-eac894b\" data-id=\"eac894b\" data-element_type=\"column\" data-e-type=\"column\">\n\t\t\t<div class=\"elementor-widget-wrap elementor-element-populated\">\n\t\t\t\t\t\t<div class=\"elementor-element elementor-element-6c3610f elementor-widget elementor-widget-heading\" data-id=\"6c3610f\" data-element_type=\"widget\" data-e-type=\"widget\" data-widget_type=\"heading.default\">\n\t\t\t\t\t<h2 class=\"elementor-heading-title elementor-size-default\">Aut\u00e9ntico sabor de la cocina tradicional<\/h2>\t\t\t\t<\/div>\n\t\t\t\t<div class=\"elementor-element elementor-element-f201b6e elementor-widget elementor-widget-text-editor\" data-id=\"f201b6e\" data-element_type=\"widget\" data-e-type=\"widget\" data-widget_type=\"text-editor.default\">\n\t\t\t\t\t\t\t\t\t<p data-start=\"492\" data-end=\"603\">Aqu\u00ed encontrar\u00e1s un lugar donde disfrutar de comidas y cenas caseras, en un ambiente familiar y acogedor.<\/p>\t\t\t\t\t\t\t\t<\/div>\n\t\t\t\t<div class=\"elementor-element elementor-element-805eea3 elementor-align-center elementor-widget elementor-widget-button\" data-id=\"805eea3\" data-element_type=\"widget\" data-e-type=\"widget\" data-widget_type=\"button.default\">\n\t\t\t\t\t\t\t\t\t\t<a class=\"elementor-button elementor-button-link elementor-size-sm elementor-animation-hang\" href=\"https:\/\/mesondejuan.com\/contacto\/\">\n\t\t\t\t\t\t<span class=\"elementor-button-content-wrapper\">\n\t\t\t\t\t\t\t\t\t<span class=\"elementor-button-text\">Contactanos<\/span>\n\t\t\t\t\t<\/span>\n\t\t\t\t\t<\/a>\n\t\t\t\t\t\t\t\t<\/div>\n\t\t\t\t\t<\/div>\n\t\t<\/div>\n\t\t\t\t\t<\/div>\n\t\t<\/section>\n\t\t\t\t<\/div>\n\t\t","protected":false},"excerpt":{"rendered":"<p>Bienvenidos A Mes\u00f3n D&#8217;Juan 7 a\u00f1os de experiencia Sobre Nosotros Comidas y cenas caseras Saber M\u00e1s En Mes\u00f3n D\u2019Juan llevamos m\u00e1s de 7 a\u00f1os ofreciendo lo mejor de la gastronom\u00eda tradicional madrile\u00f1a en el coraz\u00f3n de Alcorc\u00f3n, Madrid. Nuestro equipo trabaja cada d\u00eda con pasi\u00f3n para que disfrutes de una experiencia acogedora, combinando el sabor [&hellip;]<\/p>\n","protected":false},"author":1,"featured_media":0,"parent":0,"menu_order":0,"comment_status":"closed","ping_status":"closed","template":"elementor_canvas","meta":{"footnotes":""},"class_list":["post-12","page","type-page","status-publish","hentry"],"yoast_head":"<!-- This site is optimized with the Yoast SEO plugin v27.3 - https:\/\/yoast.com\/product\/yoast-seo-wordpress\/ -->\n<title>Inicio - Mes\u00f3n D`Juan<\/title>\n<meta name=\"robots\" content=\"index, follow, max-snippet:-1, max-image-preview:large, max-video-preview:-1\" \/>\n<link rel=\"canonical\" href=\"https:\/\/mesondejuan.com\/en\/\" \/>\n<meta property=\"og:locale\" content=\"en_GB\" \/>\n<meta property=\"og:type\" content=\"article\" \/>\n<meta property=\"og:title\" content=\"Inicio - Mes\u00f3n D`Juan\" \/>\n<meta property=\"og:description\" content=\"Bienvenidos A Mes\u00f3n D&#8217;Juan 7 a\u00f1os de experiencia Sobre Nosotros Comidas y cenas caseras Saber M\u00e1s En Mes\u00f3n D\u2019Juan llevamos m\u00e1s de 7 a\u00f1os ofreciendo lo mejor de la gastronom\u00eda tradicional madrile\u00f1a en el coraz\u00f3n de Alcorc\u00f3n, Madrid. Nuestro equipo trabaja cada d\u00eda con pasi\u00f3n para que disfrutes de una experiencia acogedora, combinando el sabor [&hellip;]\" \/>\n<meta property=\"og:url\" content=\"https:\/\/mesondejuan.com\/en\/\" \/>\n<meta property=\"og:site_name\" content=\"Mes\u00f3n D`Juan\" \/>\n<meta property=\"article:modified_time\" content=\"2025-09-03T15:35:00+00:00\" \/>\n<meta property=\"og:image\" content=\"https:\/\/mesondejuan.com\/wp-content\/uploads\/2025\/09\/Captura-desde-2025-09-03-15-38-18.png\" \/>\n<meta name=\"twitter:card\" content=\"summary_large_image\" \/>\n<meta name=\"twitter:label1\" content=\"Estimated reading time\" \/>\n\t<meta name=\"twitter:data1\" content=\"1 minute\" \/>\n<script type=\"application\/ld+json\" class=\"yoast-schema-graph\">{\"@context\":\"https:\\\/\\\/schema.org\",\"@graph\":[{\"@type\":\"WebPage\",\"@id\":\"https:\\\/\\\/mesondejuan.com\\\/\",\"url\":\"https:\\\/\\\/mesondejuan.com\\\/\",\"name\":\"Inicio - Mes\u00f3n D`Juan\",\"isPartOf\":{\"@id\":\"https:\\\/\\\/mesondejuan.com\\\/#website\"},\"primaryImageOfPage\":{\"@id\":\"https:\\\/\\\/mesondejuan.com\\\/#primaryimage\"},\"image\":{\"@id\":\"https:\\\/\\\/mesondejuan.com\\\/#primaryimage\"},\"thumbnailUrl\":\"https:\\\/\\\/mesondejuan.com\\\/wp-content\\\/uploads\\\/2025\\\/09\\\/Captura-desde-2025-09-03-15-38-18.png\",\"datePublished\":\"2025-09-02T16:14:28+00:00\",\"dateModified\":\"2025-09-03T15:35:00+00:00\",\"breadcrumb\":{\"@id\":\"https:\\\/\\\/mesondejuan.com\\\/#breadcrumb\"},\"inLanguage\":\"en-GB\",\"potentialAction\":[{\"@type\":\"ReadAction\",\"target\":[\"https:\\\/\\\/mesondejuan.com\\\/\"]}]},{\"@type\":\"ImageObject\",\"inLanguage\":\"en-GB\",\"@id\":\"https:\\\/\\\/mesondejuan.com\\\/#primaryimage\",\"url\":\"https:\\\/\\\/mesondejuan.com\\\/wp-content\\\/uploads\\\/2025\\\/09\\\/Captura-desde-2025-09-03-15-38-18.png\",\"contentUrl\":\"https:\\\/\\\/mesondejuan.com\\\/wp-content\\\/uploads\\\/2025\\\/09\\\/Captura-desde-2025-09-03-15-38-18.png\"},{\"@type\":\"BreadcrumbList\",\"@id\":\"https:\\\/\\\/mesondejuan.com\\\/#breadcrumb\",\"itemListElement\":[{\"@type\":\"ListItem\",\"position\":1,\"name\":\"Portada\",\"item\":\"https:\\\/\\\/mesondejuan.com\\\/\"},{\"@type\":\"ListItem\",\"position\":2,\"name\":\"Inicio\"}]},{\"@type\":\"WebSite\",\"@id\":\"https:\\\/\\\/mesondejuan.com\\\/#website\",\"url\":\"https:\\\/\\\/mesondejuan.com\\\/\",\"name\":\"Mes\u00f3n D`Juan\",\"description\":\"Comidas y Cenas\",\"publisher\":{\"@id\":\"https:\\\/\\\/mesondejuan.com\\\/#organization\"},\"potentialAction\":[{\"@type\":\"SearchAction\",\"target\":{\"@type\":\"EntryPoint\",\"urlTemplate\":\"https:\\\/\\\/mesondejuan.com\\\/?s={search_term_string}\"},\"query-input\":{\"@type\":\"PropertyValueSpecification\",\"valueRequired\":true,\"valueName\":\"search_term_string\"}}],\"inLanguage\":\"en-GB\"},{\"@type\":\"Organization\",\"@id\":\"https:\\\/\\\/mesondejuan.com\\\/#organization\",\"name\":\"Mes\u00f3n D`Juan\",\"url\":\"https:\\\/\\\/mesondejuan.com\\\/\",\"logo\":{\"@type\":\"ImageObject\",\"inLanguage\":\"en-GB\",\"@id\":\"https:\\\/\\\/mesondejuan.com\\\/#\\\/schema\\\/logo\\\/image\\\/\",\"url\":\"https:\\\/\\\/mesondejuan.com\\\/wp-content\\\/uploads\\\/2025\\\/09\\\/cropped-Texto.png\",\"contentUrl\":\"https:\\\/\\\/mesondejuan.com\\\/wp-content\\\/uploads\\\/2025\\\/09\\\/cropped-Texto.png\",\"width\":866,\"height\":412,\"caption\":\"Mes\u00f3n D`Juan\"},\"image\":{\"@id\":\"https:\\\/\\\/mesondejuan.com\\\/#\\\/schema\\\/logo\\\/image\\\/\"}}]}<\/script>\n<!-- \/ Yoast SEO plugin. -->","yoast_head_json":{"title":"Inicio - Mes\u00f3n D`Juan","robots":{"index":"index","follow":"follow","max-snippet":"max-snippet:-1","max-image-preview":"max-image-preview:large","max-video-preview":"max-video-preview:-1"},"canonical":"https:\/\/mesondejuan.com\/en\/","og_locale":"en_GB","og_type":"article","og_title":"Inicio - Mes\u00f3n D`Juan","og_description":"Bienvenidos A Mes\u00f3n D&#8217;Juan 7 a\u00f1os de experiencia Sobre Nosotros Comidas y cenas caseras Saber M\u00e1s En Mes\u00f3n D\u2019Juan llevamos m\u00e1s de 7 a\u00f1os ofreciendo lo mejor de la gastronom\u00eda tradicional madrile\u00f1a en el coraz\u00f3n de Alcorc\u00f3n, Madrid. Nuestro equipo trabaja cada d\u00eda con pasi\u00f3n para que disfrutes de una experiencia acogedora, combinando el sabor [&hellip;]","og_url":"https:\/\/mesondejuan.com\/en\/","og_site_name":"Mes\u00f3n D`Juan","article_modified_time":"2025-09-03T15:35:00+00:00","og_image":[{"url":"https:\/\/mesondejuan.com\/wp-content\/uploads\/2025\/09\/Captura-desde-2025-09-03-15-38-18.png","type":"","width":"","height":""}],"twitter_card":"summary_large_image","twitter_misc":{"Estimated reading time":"1 minute"},"schema":{"@context":"https:\/\/schema.org","@graph":[{"@type":"WebPage","@id":"https:\/\/mesondejuan.com\/","url":"https:\/\/mesondejuan.com\/","name":"Inicio - Mes\u00f3n D`Juan","isPartOf":{"@id":"https:\/\/mesondejuan.com\/#website"},"primaryImageOfPage":{"@id":"https:\/\/mesondejuan.com\/#primaryimage"},"image":{"@id":"https:\/\/mesondejuan.com\/#primaryimage"},"thumbnailUrl":"https:\/\/mesondejuan.com\/wp-content\/uploads\/2025\/09\/Captura-desde-2025-09-03-15-38-18.png","datePublished":"2025-09-02T16:14:28+00:00","dateModified":"2025-09-03T15:35:00+00:00","breadcrumb":{"@id":"https:\/\/mesondejuan.com\/#breadcrumb"},"inLanguage":"en-GB","potentialAction":[{"@type":"ReadAction","target":["https:\/\/mesondejuan.com\/"]}]},{"@type":"ImageObject","inLanguage":"en-GB","@id":"https:\/\/mesondejuan.com\/#primaryimage","url":"https:\/\/mesondejuan.com\/wp-content\/uploads\/2025\/09\/Captura-desde-2025-09-03-15-38-18.png","contentUrl":"https:\/\/mesondejuan.com\/wp-content\/uploads\/2025\/09\/Captura-desde-2025-09-03-15-38-18.png"},{"@type":"BreadcrumbList","@id":"https:\/\/mesondejuan.com\/#breadcrumb","itemListElement":[{"@type":"ListItem","position":1,"name":"Portada","item":"https:\/\/mesondejuan.com\/"},{"@type":"ListItem","position":2,"name":"Inicio"}]},{"@type":"WebSite","@id":"https:\/\/mesondejuan.com\/#website","url":"https:\/\/mesondejuan.com\/","name":"Mes\u00f3n D`Juan","description":"Comidas y Cenas","publisher":{"@id":"https:\/\/mesondejuan.com\/#organization"},"potentialAction":[{"@type":"SearchAction","target":{"@type":"EntryPoint","urlTemplate":"https:\/\/mesondejuan.com\/?s={search_term_string}"},"query-input":{"@type":"PropertyValueSpecification","valueRequired":true,"valueName":"search_term_string"}}],"inLanguage":"en-GB"},{"@type":"Organization","@id":"https:\/\/mesondejuan.com\/#organization","name":"Mes\u00f3n D`Juan","url":"https:\/\/mesondejuan.com\/","logo":{"@type":"ImageObject","inLanguage":"en-GB","@id":"https:\/\/mesondejuan.com\/#\/schema\/logo\/image\/","url":"https:\/\/mesondejuan.com\/wp-content\/uploads\/2025\/09\/cropped-Texto.png","contentUrl":"https:\/\/mesondejuan.com\/wp-content\/uploads\/2025\/09\/cropped-Texto.png","width":866,"height":412,"caption":"Mes\u00f3n D`Juan"},"image":{"@id":"https:\/\/mesondejuan.com\/#\/schema\/logo\/image\/"}}]}},"_links":{"self":[{"href":"https:\/\/mesondejuan.com\/en\/wp-json\/wp\/v2\/pages\/12","targetHints":{"allow":["GET"]}}],"collection":[{"href":"https:\/\/mesondejuan.com\/en\/wp-json\/wp\/v2\/pages"}],"about":[{"href":"https:\/\/mesondejuan.com\/en\/wp-json\/wp\/v2\/types\/page"}],"author":[{"embeddable":true,"href":"https:\/\/mesondejuan.com\/en\/wp-json\/wp\/v2\/users\/1"}],"replies":[{"embeddable":true,"href":"https:\/\/mesondejuan.com\/en\/wp-json\/wp\/v2\/comments?post=12"}],"version-history":[{"count":40,"href":"https:\/\/mesondejuan.com\/en\/wp-json\/wp\/v2\/pages\/12\/revisions"}],"predecessor-version":[{"id":250,"href":"https:\/\/mesondejuan.com\/en\/wp-json\/wp\/v2\/pages\/12\/revisions\/250"}],"wp:attachment":[{"href":"https:\/\/mesondejuan.com\/en\/wp-json\/wp\/v2\/media?parent=12"}],"curies":[{"name":"wp","href":"https:\/\/api.w.org\/{rel}","templated":true}]}}